{"id":14,"date":"2023-03-12T10:19:21","date_gmt":"2023-03-12T09:19:21","guid":{"rendered":"https:\/\/www.mostrorun.com\/?page_id=14"},"modified":"2023-05-20T13:00:01","modified_gmt":"2023-05-20T11:00:01","slug":"chi-siamo","status":"publish","type":"page","link":"https:\/\/www.mostrorun.com\/?page_id=14","title":{"rendered":"Chi siamo"},"content":{"rendered":"\n<p><em>&#8220;Ognuno di noi \u00e8 un Runner, ma pochi lo hanno scoperto.&#8221;<\/em><\/p>\n\n\n\n<p>\u00c8 questo il nostro motto che \u00e8 nato dall&#8217;idea di base di accogliere chiunque abbia la volont\u00e0 di provare a mettersi in gioco attraverso la corsa.<\/p>\n\n\n\n<p>Per questo motivo non ci definiamo solamente &#8220;squadra&#8221;, ma piuttosto comunit\u00e0 di runners. Ed il Runner non \u00e8 solo colui che aspira al podio ed ai record, ma soprattutto chi mette un piede davanti all&#8217;altro verso i suoi obiettivi di crescita personale.<\/p>\n","protected":false},"excerpt":{"rendered":"<p>&#8220;Ognuno di noi \u00e8 un Runner, ma pochi lo hanno scoperto.&#8221; \u00c8 questo il nostro motto che \u00e8 nato dall&#8217;idea di base di accogliere chiunque abbia la volont\u00e0 di provare a mettersi in gioco attraverso la corsa. Per questo motivo non ci definiamo solamente &#8220;squadra&#8221;, ma piuttosto comunit\u00e0 di runners. Ed il Runner non \u00e8 [&hellip;]<\/p>\n","protected":false},"author":1,"featured_media":0,"parent":0,"menu_order":0,"comment_status":"closed","ping_status":"closed","template":"","meta":{"om_disable_all_campaigns":false,"_monsterinsights_skip_tracking":false,"_monsterinsights_sitenote_active":false,"_monsterinsights_sitenote_note":"","_monsterinsights_sitenote_category":0,"footnotes":""},"class_list":["post-14","page","type-page","status-publish","hentry"],"aioseo_notices":[],"yoast_head":"<!-- This site is optimized with the Yoast SEO plugin v27.4 - https:\/\/yoast.com\/product\/yoast-seo-wordpress\/ -->\n<title>Chi siamo - MostroRun<\/title>\n<meta name=\"robots\" content=\"index, follow, max-snippet:-1, max-image-preview:large, max-video-preview:-1\" \/>\n<link rel=\"canonical\" href=\"https:\/\/www.mostrorun.com\/?page_id=14\" \/>\n<meta property=\"og:locale\" content=\"it_IT\" \/>\n<meta property=\"og:type\" content=\"article\" \/>\n<meta property=\"og:title\" content=\"Chi siamo - MostroRun\" \/>\n<meta property=\"og:description\" content=\"&#8220;Ognuno di noi \u00e8 un Runner, ma pochi lo hanno scoperto.&#8221; \u00c8 questo il nostro motto che \u00e8 nato dall&#8217;idea di base di accogliere chiunque abbia la volont\u00e0 di provare a mettersi in gioco attraverso la corsa. Per questo motivo non ci definiamo solamente &#8220;squadra&#8221;, ma piuttosto comunit\u00e0 di runners. Ed il Runner non \u00e8 [&hellip;]\" \/>\n<meta property=\"og:url\" content=\"https:\/\/www.mostrorun.com\/?page_id=14\" \/>\n<meta property=\"og:site_name\" content=\"MostroRun\" \/>\n<meta property=\"article:modified_time\" content=\"2023-05-20T11:00:01+00:00\" \/>\n<meta name=\"twitter:card\" content=\"summary_large_image\" \/>\n<meta name=\"twitter:label1\" content=\"Tempo di lettura stimato\" \/>\n\t<meta name=\"twitter:data1\" content=\"1 minuto\" \/>\n<script type=\"application\/ld+json\" class=\"yoast-schema-graph\">{\"@context\":\"https:\\\/\\\/schema.org\",\"@graph\":[{\"@type\":\"WebPage\",\"@id\":\"https:\\\/\\\/www.mostrorun.com\\\/?page_id=14\",\"url\":\"https:\\\/\\\/www.mostrorun.com\\\/?page_id=14\",\"name\":\"Chi siamo - MostroRun\",\"isPartOf\":{\"@id\":\"https:\\\/\\\/www.mostrorun.com\\\/#website\"},\"datePublished\":\"2023-03-12T09:19:21+00:00\",\"dateModified\":\"2023-05-20T11:00:01+00:00\",\"breadcrumb\":{\"@id\":\"https:\\\/\\\/www.mostrorun.com\\\/?page_id=14#breadcrumb\"},\"inLanguage\":\"it-IT\",\"potentialAction\":[{\"@type\":\"ReadAction\",\"target\":[\"https:\\\/\\\/www.mostrorun.com\\\/?page_id=14\"]}]},{\"@type\":\"BreadcrumbList\",\"@id\":\"https:\\\/\\\/www.mostrorun.com\\\/?page_id=14#breadcrumb\",\"itemListElement\":[{\"@type\":\"ListItem\",\"position\":1,\"name\":\"Home\",\"item\":\"https:\\\/\\\/www.mostrorun.com\\\/\"},{\"@type\":\"ListItem\",\"position\":2,\"name\":\"Chi siamo\"}]},{\"@type\":\"WebSite\",\"@id\":\"https:\\\/\\\/www.mostrorun.com\\\/#website\",\"url\":\"https:\\\/\\\/www.mostrorun.com\\\/\",\"name\":\"MostroRun\",\"description\":\"Ognuno di noi \u00e8 un Runner, ma pochi lo hanno scoperto.\",\"publisher\":{\"@id\":\"https:\\\/\\\/www.mostrorun.com\\\/#organization\"},\"potentialAction\":[{\"@type\":\"SearchAction\",\"target\":{\"@type\":\"EntryPoint\",\"urlTemplate\":\"https:\\\/\\\/www.mostrorun.com\\\/?s={search_term_string}\"},\"query-input\":{\"@type\":\"PropertyValueSpecification\",\"valueRequired\":true,\"valueName\":\"search_term_string\"}}],\"inLanguage\":\"it-IT\"},{\"@type\":\"Organization\",\"@id\":\"https:\\\/\\\/www.mostrorun.com\\\/#organization\",\"name\":\"MostroRun\",\"url\":\"https:\\\/\\\/www.mostrorun.com\\\/\",\"logo\":{\"@type\":\"ImageObject\",\"inLanguage\":\"it-IT\",\"@id\":\"https:\\\/\\\/www.mostrorun.com\\\/#\\\/schema\\\/logo\\\/image\\\/\",\"url\":\"https:\\\/\\\/www.mostrorun.com\\\/wp-content\\\/uploads\\\/2023\\\/03\\\/Logo_MostroRun_03_640x640.png\",\"contentUrl\":\"https:\\\/\\\/www.mostrorun.com\\\/wp-content\\\/uploads\\\/2023\\\/03\\\/Logo_MostroRun_03_640x640.png\",\"width\":640,\"height\":640,\"caption\":\"MostroRun\"},\"image\":{\"@id\":\"https:\\\/\\\/www.mostrorun.com\\\/#\\\/schema\\\/logo\\\/image\\\/\"}}]}<\/script>\n<!-- \/ Yoast SEO plugin. -->","yoast_head_json":{"title":"Chi siamo - MostroRun","robots":{"index":"index","follow":"follow","max-snippet":"max-snippet:-1","max-image-preview":"max-image-preview:large","max-video-preview":"max-video-preview:-1"},"canonical":"https:\/\/www.mostrorun.com\/?page_id=14","og_locale":"it_IT","og_type":"article","og_title":"Chi siamo - MostroRun","og_description":"&#8220;Ognuno di noi \u00e8 un Runner, ma pochi lo hanno scoperto.&#8221; \u00c8 questo il nostro motto che \u00e8 nato dall&#8217;idea di base di accogliere chiunque abbia la volont\u00e0 di provare a mettersi in gioco attraverso la corsa. Per questo motivo non ci definiamo solamente &#8220;squadra&#8221;, ma piuttosto comunit\u00e0 di runners. Ed il Runner non \u00e8 [&hellip;]","og_url":"https:\/\/www.mostrorun.com\/?page_id=14","og_site_name":"MostroRun","article_modified_time":"2023-05-20T11:00:01+00:00","twitter_card":"summary_large_image","twitter_misc":{"Tempo di lettura stimato":"1 minuto"},"schema":{"@context":"https:\/\/schema.org","@graph":[{"@type":"WebPage","@id":"https:\/\/www.mostrorun.com\/?page_id=14","url":"https:\/\/www.mostrorun.com\/?page_id=14","name":"Chi siamo - MostroRun","isPartOf":{"@id":"https:\/\/www.mostrorun.com\/#website"},"datePublished":"2023-03-12T09:19:21+00:00","dateModified":"2023-05-20T11:00:01+00:00","breadcrumb":{"@id":"https:\/\/www.mostrorun.com\/?page_id=14#breadcrumb"},"inLanguage":"it-IT","potentialAction":[{"@type":"ReadAction","target":["https:\/\/www.mostrorun.com\/?page_id=14"]}]},{"@type":"BreadcrumbList","@id":"https:\/\/www.mostrorun.com\/?page_id=14#breadcrumb","itemListElement":[{"@type":"ListItem","position":1,"name":"Home","item":"https:\/\/www.mostrorun.com\/"},{"@type":"ListItem","position":2,"name":"Chi siamo"}]},{"@type":"WebSite","@id":"https:\/\/www.mostrorun.com\/#website","url":"https:\/\/www.mostrorun.com\/","name":"MostroRun","description":"Ognuno di noi \u00e8 un Runner, ma pochi lo hanno scoperto.","publisher":{"@id":"https:\/\/www.mostrorun.com\/#organization"},"potentialAction":[{"@type":"SearchAction","target":{"@type":"EntryPoint","urlTemplate":"https:\/\/www.mostrorun.com\/?s={search_term_string}"},"query-input":{"@type":"PropertyValueSpecification","valueRequired":true,"valueName":"search_term_string"}}],"inLanguage":"it-IT"},{"@type":"Organization","@id":"https:\/\/www.mostrorun.com\/#organization","name":"MostroRun","url":"https:\/\/www.mostrorun.com\/","logo":{"@type":"ImageObject","inLanguage":"it-IT","@id":"https:\/\/www.mostrorun.com\/#\/schema\/logo\/image\/","url":"https:\/\/www.mostrorun.com\/wp-content\/uploads\/2023\/03\/Logo_MostroRun_03_640x640.png","contentUrl":"https:\/\/www.mostrorun.com\/wp-content\/uploads\/2023\/03\/Logo_MostroRun_03_640x640.png","width":640,"height":640,"caption":"MostroRun"},"image":{"@id":"https:\/\/www.mostrorun.com\/#\/schema\/logo\/image\/"}}]}},"_links":{"self":[{"href":"https:\/\/www.mostrorun.com\/index.php?rest_route=\/wp\/v2\/pages\/14","targetHints":{"allow":["GET"]}}],"collection":[{"href":"https:\/\/www.mostrorun.com\/index.php?rest_route=\/wp\/v2\/pages"}],"about":[{"href":"https:\/\/www.mostrorun.com\/index.php?rest_route=\/wp\/v2\/types\/page"}],"author":[{"embeddable":true,"href":"https:\/\/www.mostrorun.com\/index.php?rest_route=\/wp\/v2\/users\/1"}],"replies":[{"embeddable":true,"href":"https:\/\/www.mostrorun.com\/index.php?rest_route=%2Fwp%2Fv2%2Fcomments&post=14"}],"version-history":[{"count":3,"href":"https:\/\/www.mostrorun.com\/index.php?rest_route=\/wp\/v2\/pages\/14\/revisions"}],"predecessor-version":[{"id":164,"href":"https:\/\/www.mostrorun.com\/index.php?rest_route=\/wp\/v2\/pages\/14\/revisions\/164"}],"wp:attachment":[{"href":"https:\/\/www.mostrorun.com\/index.php?rest_route=%2Fwp%2Fv2%2Fmedia&parent=14"}],"curies":[{"name":"wp","href":"https:\/\/api.w.org\/{rel}","templated":true}]}}