{"id":315,"date":"2023-11-12T10:51:53","date_gmt":"2023-11-12T09:51:53","guid":{"rendered":"https:\/\/www.mostrorun.com\/?page_id=315"},"modified":"2023-11-12T10:51:54","modified_gmt":"2023-11-12T09:51:54","slug":"aggiorna-il-certificato-medico","status":"publish","type":"page","link":"https:\/\/www.mostrorun.com\/?page_id=315","title":{"rendered":"Aggiorna il certificato medico"},"content":{"rendered":"<div class=\"wpforms-container wpforms-container-full wpforms-block wpforms-block-af7e3245-6952-4c9d-81d9-2e9ff8524906\" id=\"wpforms-311\"><form id=\"wpforms-form-311\" class=\"wpforms-validate wpforms-form wpforms-ajax-form\" data-formid=\"311\" method=\"post\" enctype=\"multipart\/form-data\" action=\"\/index.php?rest_route=%2Fwp%2Fv2%2Fpages%2F315&#038;wpforms_form_id=311\" data-token=\"9d55de47a01abd6ff6fb47e541f3d211\" data-token-time=\"1776521999\"><noscript class=\"wpforms-error-noscript\">Abilita JavaScript nel browser per completare questo modulo.<\/noscript><div class=\"wpforms-field-container\"><div id=\"wpforms-311-field_9-container\" class=\"wpforms-field wpforms-field-content\" data-field-id=\"9\"><div id=\"wpforms-311-field_9\" class=\"wpforms-field-large wpforms-field-row\"><h6 style=\"text-align: center\">AGGIORNAMENTO CERTIFICATO MEDICO<\/h6>\n<p>&nbsp;<\/p>\n<p>Il sottoscritto\/a<\/p>\n<div class=\"wpforms-field-content-display-frontend-clear\"><\/div><\/div><\/div><div id=\"wpforms-311-field_4-container\" class=\"wpforms-field wpforms-field-name\" data-field-id=\"4\"><label class=\"wpforms-field-label\">Nome e cognome <span class=\"wpforms-required-label\">*<\/span><\/label><div class=\"wpforms-field-row wpforms-field-medium\"><div class=\"wpforms-field-row-block wpforms-first wpforms-one-half\"><input type=\"text\" id=\"wpforms-311-field_4\" class=\"wpforms-field-name-first wpforms-field-required\" name=\"wpforms[fields][4][first]\" required><label for=\"wpforms-311-field_4\" class=\"wpforms-field-sublabel after\">Nome<\/label><\/div><div class=\"wpforms-field-row-block wpforms-one-half\"><input type=\"text\" id=\"wpforms-311-field_4-last\" class=\"wpforms-field-name-last wpforms-field-required\" name=\"wpforms[fields][4][last]\" required><label for=\"wpforms-311-field_4-last\" class=\"wpforms-field-sublabel after\">Cognome<\/label><\/div><\/div><\/div><div id=\"wpforms-311-field_24-container\" class=\"wpforms-field wpforms-field-text\" data-field-id=\"24\"><label class=\"wpforms-field-label\" for=\"wpforms-311-field_24\">Codice fiscale <span class=\"wpforms-required-label\">*<\/span><\/label><input type=\"text\" id=\"wpforms-311-field_24\" class=\"wpforms-field-medium wpforms-field-required wpforms-masked-input\" data-rule-inputmask-incomplete=\"1\" data-inputmask-mask=\"AAAAAA99A99****A\" name=\"wpforms[fields][24]\" required><\/div><div id=\"wpforms-311-field_6-container\" class=\"wpforms-field wpforms-field-text\" data-field-id=\"6\"><label class=\"wpforms-field-label\" for=\"wpforms-311-field_6\">Indirizzo e-mail <span class=\"wpforms-required-label\">*<\/span><\/label><input type=\"text\" id=\"wpforms-311-field_6\" class=\"wpforms-field-medium wpforms-field-required wpforms-masked-input\" data-rule-inputmask-incomplete=\"1\" data-inputmask-alias=\"email\" name=\"wpforms[fields][6]\" required><\/div><div id=\"wpforms-311-field_23-container\" class=\"wpforms-field wpforms-field-divider\" data-field-id=\"23\"><h3 id=\"wpforms-311-field_23\">&#8211;<\/h3><\/div><div id=\"wpforms-311-field_25-container\" class=\"wpforms-field wpforms-field-content\" data-field-id=\"25\"><div id=\"wpforms-311-field_25\" class=\"wpforms-field-large wpforms-field-row\"><h6><\/h6>\n<h6 style=\"text-align: center\"><span style=\"font-size: 16px\">allega il nuovo certificato medico in corso di validita&#8217;<\/span><\/h6>\n<div class=\"wpforms-field-content-display-frontend-clear\"><\/div><\/div><\/div><div id=\"wpforms-311-field_31-container\" class=\"wpforms-field wpforms-field-file-upload\" data-field-id=\"31\"><label class=\"wpforms-field-label\" for=\"wpforms-311-field_31\">Carica il tuo certificato medico <span class=\"wpforms-required-label\">*<\/span><\/label><div\n\t\tclass=\"wpforms-uploader wpforms-field-required\"\n\t\tdata-field-id=\"31\"\n\t\tdata-form-id=\"311\"\n\t\tdata-input-name=\"wpforms_311_31\"\n\t\tdata-extensions=\"pdf,jpg,jpeg,png\"\n\t\tdata-max-size=\"52428800\"\n\t\tdata-max-file-number=\"1\"\n\t\tdata-post-max-size=\"52428800\"\n\t\tdata-max-parallel-uploads=\"4\"\n\t\tdata-parallel-uploads=\"true\"\n\t\tdata-file-chunk-size=\"2097152\">\n\t<div class=\"dz-message\">\n\t\t<svg  viewBox=\"0 0 640 640\" focusable=\"false\" data-icon=\"inbox\" width=\"50px\" height=\"50px\" fill=\"currentColor\" aria-hidden=\"true\">\n\t\t\t<path d=\"M352 173.3L352 384C352 401.7 337.7 416 320 416C302.3 416 288 401.7 288 384L288 173.3L246.6 214.7C234.1 227.2 213.8 227.2 201.3 214.7C188.8 202.2 188.8 181.9 201.3 169.4L297.3 73.4C309.8 60.9 330.1 60.9 342.6 73.4L438.6 169.4C451.1 181.9 451.1 202.2 438.6 214.7C426.1 227.2 405.8 227.2 393.3 214.7L352 173.3zM320 464C364.2 464 400 428.2 400 384L480 384C515.3 384 544 412.7 544 448L544 480C544 515.3 515.3 544 480 544L160 544C124.7 544 96 515.3 96 480L96 448C96 412.7 124.7 384 160 384L240 384C240 428.2 275.8 464 320 464zM464 488C477.3 488 488 477.3 488 464C488 450.7 477.3 440 464 440C450.7 440 440 450.7 440 464C440 477.3 450.7 488 464 488z\"\/>\n\t\t<\/svg>\n\n\t\t<span class=\"modern-title\">\n\t\t\t\t\t\t\tDrag &amp; Drop Files, \t\t\t\t<span>Choose Files to Upload<\/span>\n\t\t\t\t\t<\/span>\n\n\t\t\t<\/div>\n<\/div>\n\n<input\n\t\ttype=\"text\"\n\t\tautocomplete=\"off\"\n\t\treadonly\n\t\tclass=\"dropzone-input\"\n\t\tstyle=\"position:absolute!important;clip:rect(0,0,0,0)!important;height:1px!important;width:1px!important;border:0!important;overflow:hidden!important;padding:0!important;margin:0!important;\"\n\t\tid=\"wpforms-311-field_31\"\n\t\tname=\"wpforms_311_31\" required\t\tvalue=\"\">\n<div class=\"wpforms-field-description\">Fai clic sul box soprastante per caricare il file del tuo certificato medico in corso di validit\u00e0.<\/div><\/div><div id=\"wpforms-311-field_32-container\" class=\"wpforms-field wpforms-field-checkbox\" data-field-id=\"32\"><label class=\"wpforms-field-label\">Conferma autenticit\u00e0 del certificato medico <span class=\"wpforms-required-label\">*<\/span><\/label><ul id=\"wpforms-311-field_32\" class=\"wpforms-field-required\"><li class=\"choice-1 depth-1\"><input type=\"checkbox\" id=\"wpforms-311-field_32_1\" name=\"wpforms[fields][32][]\" value=\"Confermo che il file che procedo a caricare \u00e8 una copia dell&#039;originale certificato medico di idoneit\u00e0 all&#039;attivit\u00e0 sportiva e che nessuna alterazione a tale documento \u00e8 stata da me apportata\" required ><label class=\"wpforms-field-label-inline\" for=\"wpforms-311-field_32_1\">Confermo che il file che procedo a caricare \u00e8 una copia dell&#8217;originale certificato medico di idoneit\u00e0 all&#8217;attivit\u00e0 sportiva e che nessuna alterazione a tale documento \u00e8 stata da me apportata<\/label><\/li><\/ul><\/div><div id=\"wpforms-311-field_26-container\" class=\"wpforms-field wpforms-field-checkbox\" data-field-id=\"26\"><label class=\"wpforms-field-label\">Informativa sul trattamento dei dati personali ex artt. 13-14 Reg.to UE 2016\/679 <span class=\"wpforms-required-label\">*<\/span><\/label><ul id=\"wpforms-311-field_26\" class=\"wpforms-field-required\"><li class=\"choice-1 depth-1\"><input type=\"checkbox\" id=\"wpforms-311-field_26_1\" name=\"wpforms[fields][26][]\" value=\"Dichiaro di aver preso visione dell&#039;informativa sulla privacy\" required ><label class=\"wpforms-field-label-inline\" for=\"wpforms-311-field_26_1\">Dichiaro di aver preso visione dell&#8217;informativa sulla privacy<\/label><\/li><\/ul><\/div><div id=\"wpforms-311-field_30-container\" class=\"wpforms-field wpforms-field-content\" data-field-id=\"30\"><div id=\"wpforms-311-field_30\" class=\"wpforms-field-medium wpforms-field-row\"><p><a href=\"https:\/\/www.iubenda.com\/privacy-policy\/82021858\" title=\"Privacy Policy\" class=\"iubenda-white iubenda-noiframe iubenda-embed iubenda-noiframe\">visualizza la Privacy Policy<\/a><\/p>\n<div class=\"wpforms-field-content-display-frontend-clear\"><\/div><\/div><\/div><\/div><!-- .wpforms-field-container --><div class=\"wpforms-recaptcha-container wpforms-is-recaptcha wpforms-is-recaptcha-type-v2\" ><div class=\"g-recaptcha\" data-sitekey=\"6LdWkXcoAAAAAK5_ut81VheX7b2qnMevRZUTWDE3\"><\/div><input type=\"text\" name=\"g-recaptcha-hidden\" class=\"wpforms-recaptcha-hidden\" style=\"position:absolute!important;clip:rect(0,0,0,0)!important;height:1px!important;width:1px!important;border:0!important;overflow:hidden!important;padding:0!important;margin:0!important;\" data-rule-recaptcha=\"1\"><\/div><div class=\"wpforms-submit-container\" ><input type=\"hidden\" name=\"wpforms[id]\" value=\"311\"><input type=\"hidden\" name=\"page_title\" value=\"\"><input type=\"hidden\" name=\"page_url\" value=\"https:\/\/www.mostrorun.com\/index.php?rest_route=\/wp\/v2\/pages\/315\"><input type=\"hidden\" name=\"url_referer\" value=\"\"><button type=\"submit\" name=\"wpforms[submit]\" id=\"wpforms-submit-311\" class=\"wpforms-submit\" data-alt-text=\"Aggiornamento certificato in corso...\" data-submit-text=\"Conferma aggiornamento\" aria-live=\"assertive\" value=\"wpforms-submit\">Conferma aggiornamento<\/button><img loading=\"lazy\" decoding=\"async\" src=\"https:\/\/www.mostrorun.com\/wp-content\/plugins\/wpforms\/assets\/images\/submit-spin.svg\" class=\"wpforms-submit-spinner\" style=\"display: none;\" width=\"26\" height=\"26\" alt=\"Caricamento\"><\/div><\/form><\/div>  <!-- .wpforms-container -->","protected":false},"excerpt":{"rendered":"","protected":false},"author":1,"featured_media":0,"parent":0,"menu_order":0,"comment_status":"closed","ping_status":"closed","template":"","meta":{"om_disable_all_campaigns":false,"_monsterinsights_skip_tracking":false,"_monsterinsights_sitenote_active":false,"_monsterinsights_sitenote_note":"","_monsterinsights_sitenote_category":0,"footnotes":""},"class_list":["post-315","page","type-page","status-publish","hentry"],"aioseo_notices":[],"yoast_head":"<!-- This site is optimized with the Yoast SEO plugin v27.4 - https:\/\/yoast.com\/product\/yoast-seo-wordpress\/ -->\n<title>Aggiorna il certificato medico - MostroRun<\/title>\n<meta name=\"robots\" content=\"index, follow, max-snippet:-1, max-image-preview:large, max-video-preview:-1\" \/>\n<link rel=\"canonical\" href=\"https:\/\/www.mostrorun.com\/?page_id=315\" \/>\n<meta property=\"og:locale\" content=\"it_IT\" \/>\n<meta property=\"og:type\" content=\"article\" \/>\n<meta property=\"og:title\" content=\"Aggiorna il certificato medico - MostroRun\" \/>\n<meta property=\"og:url\" content=\"https:\/\/www.mostrorun.com\/?page_id=315\" \/>\n<meta property=\"og:site_name\" content=\"MostroRun\" \/>\n<meta property=\"article:modified_time\" content=\"2023-11-12T09:51:54+00:00\" \/>\n<meta name=\"twitter:card\" content=\"summary_large_image\" \/>\n<script type=\"application\/ld+json\" class=\"yoast-schema-graph\">{\"@context\":\"https:\\\/\\\/schema.org\",\"@graph\":[{\"@type\":\"WebPage\",\"@id\":\"https:\\\/\\\/www.mostrorun.com\\\/?page_id=315\",\"url\":\"https:\\\/\\\/www.mostrorun.com\\\/?page_id=315\",\"name\":\"Aggiorna il certificato medico - MostroRun\",\"isPartOf\":{\"@id\":\"https:\\\/\\\/www.mostrorun.com\\\/#website\"},\"datePublished\":\"2023-11-12T09:51:53+00:00\",\"dateModified\":\"2023-11-12T09:51:54+00:00\",\"breadcrumb\":{\"@id\":\"https:\\\/\\\/www.mostrorun.com\\\/?page_id=315#breadcrumb\"},\"inLanguage\":\"it-IT\",\"potentialAction\":[{\"@type\":\"ReadAction\",\"target\":[\"https:\\\/\\\/www.mostrorun.com\\\/?page_id=315\"]}]},{\"@type\":\"BreadcrumbList\",\"@id\":\"https:\\\/\\\/www.mostrorun.com\\\/?page_id=315#breadcrumb\",\"itemListElement\":[{\"@type\":\"ListItem\",\"position\":1,\"name\":\"Home\",\"item\":\"https:\\\/\\\/www.mostrorun.com\\\/\"},{\"@type\":\"ListItem\",\"position\":2,\"name\":\"Aggiorna il certificato medico\"}]},{\"@type\":\"WebSite\",\"@id\":\"https:\\\/\\\/www.mostrorun.com\\\/#website\",\"url\":\"https:\\\/\\\/www.mostrorun.com\\\/\",\"name\":\"MostroRun\",\"description\":\"Ognuno di noi \u00e8 un Runner, ma pochi lo hanno scoperto.\",\"publisher\":{\"@id\":\"https:\\\/\\\/www.mostrorun.com\\\/#organization\"},\"potentialAction\":[{\"@type\":\"SearchAction\",\"target\":{\"@type\":\"EntryPoint\",\"urlTemplate\":\"https:\\\/\\\/www.mostrorun.com\\\/?s={search_term_string}\"},\"query-input\":{\"@type\":\"PropertyValueSpecification\",\"valueRequired\":true,\"valueName\":\"search_term_string\"}}],\"inLanguage\":\"it-IT\"},{\"@type\":\"Organization\",\"@id\":\"https:\\\/\\\/www.mostrorun.com\\\/#organization\",\"name\":\"MostroRun\",\"url\":\"https:\\\/\\\/www.mostrorun.com\\\/\",\"logo\":{\"@type\":\"ImageObject\",\"inLanguage\":\"it-IT\",\"@id\":\"https:\\\/\\\/www.mostrorun.com\\\/#\\\/schema\\\/logo\\\/image\\\/\",\"url\":\"https:\\\/\\\/www.mostrorun.com\\\/wp-content\\\/uploads\\\/2023\\\/03\\\/Logo_MostroRun_03_640x640.png\",\"contentUrl\":\"https:\\\/\\\/www.mostrorun.com\\\/wp-content\\\/uploads\\\/2023\\\/03\\\/Logo_MostroRun_03_640x640.png\",\"width\":640,\"height\":640,\"caption\":\"MostroRun\"},\"image\":{\"@id\":\"https:\\\/\\\/www.mostrorun.com\\\/#\\\/schema\\\/logo\\\/image\\\/\"}}]}<\/script>\n<!-- \/ Yoast SEO plugin. -->","yoast_head_json":{"title":"Aggiorna il certificato medico - MostroRun","robots":{"index":"index","follow":"follow","max-snippet":"max-snippet:-1","max-image-preview":"max-image-preview:large","max-video-preview":"max-video-preview:-1"},"canonical":"https:\/\/www.mostrorun.com\/?page_id=315","og_locale":"it_IT","og_type":"article","og_title":"Aggiorna il certificato medico - MostroRun","og_url":"https:\/\/www.mostrorun.com\/?page_id=315","og_site_name":"MostroRun","article_modified_time":"2023-11-12T09:51:54+00:00","twitter_card":"summary_large_image","schema":{"@context":"https:\/\/schema.org","@graph":[{"@type":"WebPage","@id":"https:\/\/www.mostrorun.com\/?page_id=315","url":"https:\/\/www.mostrorun.com\/?page_id=315","name":"Aggiorna il certificato medico - MostroRun","isPartOf":{"@id":"https:\/\/www.mostrorun.com\/#website"},"datePublished":"2023-11-12T09:51:53+00:00","dateModified":"2023-11-12T09:51:54+00:00","breadcrumb":{"@id":"https:\/\/www.mostrorun.com\/?page_id=315#breadcrumb"},"inLanguage":"it-IT","potentialAction":[{"@type":"ReadAction","target":["https:\/\/www.mostrorun.com\/?page_id=315"]}]},{"@type":"BreadcrumbList","@id":"https:\/\/www.mostrorun.com\/?page_id=315#breadcrumb","itemListElement":[{"@type":"ListItem","position":1,"name":"Home","item":"https:\/\/www.mostrorun.com\/"},{"@type":"ListItem","position":2,"name":"Aggiorna il certificato medico"}]},{"@type":"WebSite","@id":"https:\/\/www.mostrorun.com\/#website","url":"https:\/\/www.mostrorun.com\/","name":"MostroRun","description":"Ognuno di noi \u00e8 un Runner, ma pochi lo hanno scoperto.","publisher":{"@id":"https:\/\/www.mostrorun.com\/#organization"},"potentialAction":[{"@type":"SearchAction","target":{"@type":"EntryPoint","urlTemplate":"https:\/\/www.mostrorun.com\/?s={search_term_string}"},"query-input":{"@type":"PropertyValueSpecification","valueRequired":true,"valueName":"search_term_string"}}],"inLanguage":"it-IT"},{"@type":"Organization","@id":"https:\/\/www.mostrorun.com\/#organization","name":"MostroRun","url":"https:\/\/www.mostrorun.com\/","logo":{"@type":"ImageObject","inLanguage":"it-IT","@id":"https:\/\/www.mostrorun.com\/#\/schema\/logo\/image\/","url":"https:\/\/www.mostrorun.com\/wp-content\/uploads\/2023\/03\/Logo_MostroRun_03_640x640.png","contentUrl":"https:\/\/www.mostrorun.com\/wp-content\/uploads\/2023\/03\/Logo_MostroRun_03_640x640.png","width":640,"height":640,"caption":"MostroRun"},"image":{"@id":"https:\/\/www.mostrorun.com\/#\/schema\/logo\/image\/"}}]}},"_links":{"self":[{"href":"https:\/\/www.mostrorun.com\/index.php?rest_route=\/wp\/v2\/pages\/315","targetHints":{"allow":["GET"]}}],"collection":[{"href":"https:\/\/www.mostrorun.com\/index.php?rest_route=\/wp\/v2\/pages"}],"about":[{"href":"https:\/\/www.mostrorun.com\/index.php?rest_route=\/wp\/v2\/types\/page"}],"author":[{"embeddable":true,"href":"https:\/\/www.mostrorun.com\/index.php?rest_route=\/wp\/v2\/users\/1"}],"replies":[{"embeddable":true,"href":"https:\/\/www.mostrorun.com\/index.php?rest_route=%2Fwp%2Fv2%2Fcomments&post=315"}],"version-history":[{"count":1,"href":"https:\/\/www.mostrorun.com\/index.php?rest_route=\/wp\/v2\/pages\/315\/revisions"}],"predecessor-version":[{"id":316,"href":"https:\/\/www.mostrorun.com\/index.php?rest_route=\/wp\/v2\/pages\/315\/revisions\/316"}],"wp:attachment":[{"href":"https:\/\/www.mostrorun.com\/index.php?rest_route=%2Fwp%2Fv2%2Fmedia&parent=315"}],"curies":[{"name":"wp","href":"https:\/\/api.w.org\/{rel}","templated":true}]}}